{"id":61,"date":"2022-04-12T15:32:08","date_gmt":"2022-04-12T15:32:08","guid":{"rendered":"https:\/\/precayetano.pe\/avance\/?page_id=61"},"modified":"2023-08-28T14:43:44","modified_gmt":"2023-08-28T14:43:44","slug":"inversion","status":"publish","type":"page","link":"https:\/\/precayetano.pe\/avance\/inversion\/","title":{"rendered":"Horario e inversi\u00f3n"},"content":{"rendered":"\n<p class=\"has-vivid-red-color has-text-color has-medium-font-size\" style=\"font-style:normal;font-weight:600\"><u><strong>Horario&nbsp;de clases:<\/strong><\/u><\/p>\n\n\n\n<p class=\"has-white-color has-vivid-red-background-color has-text-color has-background has-medium-font-size\" style=\"font-style:normal;font-weight:700\"><strong>INICIO 04 DE SEPTIEMBRE<\/strong>, Fin de curso 8 DE DICIEMBRE<\/p>\n\n\n\n<p class=\"has-medium-font-size\">Frecuencia:<br><strong>LUNES, MI\u00c9RCOLES y VIERNES<\/strong>  de 5:00 P.M. a 8:40 P.M<\/p>\n\n\n\n<p>Las asignaturas que se ofrecer\u00e1n son las siguientes:<\/p>\n\n\n\n<ul class=\"wp-block-list\"><li>Cultura y Sociedad<\/li><li>F\u00edsica<\/li><li>Qu\u00edmica<\/li><li>Biolog\u00eda<\/li><li>Matem\u00e1tica<\/li><li>Desarrollo Personal&nbsp;<\/li><\/ul>\n\n\n\n<p>Los bloques de los horarios:<\/p>\n\n\n\n<ul class=\"wp-block-list\"><li>Bloque 1 : de 5 a 5:50 p.m.<\/li><li>Bloque  2 : de 5:50 &#8211; 6:40 p.m.<\/li><li><strong>BREAK : 6:40 &#8211; 7 p.m.<\/strong><\/li><li>Bloque 3 : 7 &#8211; 7:50 p.m.<\/li><li>Bloque 4 : 7:50 &#8211; 8:40 p.m.<\/li><\/ul>\n\n\n\n<p class=\"has-medium-font-size\"><strong>Evaluaciones virtuales diarias<\/strong>:&nbsp;Desde la semana 2 de clases<br><\/p>\n\n\n\n<p class=\"has-medium-font-size\"><\/p>\n\n\n\n<hr class=\"wp-block-separator is-style-wide\"\/>\n\n\n\n<div style=\"height:55px\" aria-hidden=\"true\" class=\"wp-block-spacer\"><\/div>\n\n\n\n<p class=\"has-vivid-red-color has-text-color has-medium-font-size\" style=\"font-style:normal;font-weight:600\"><strong>Inversi\u00f3n:<\/strong><\/p>\n\n\n\n<figure class=\"wp-block-table is-style-regular has-medium-font-size\" style=\"font-style:normal;font-weight:600\"><table class=\"has-fixed-layout\"><tbody><tr><td><strong>CURSO <\/strong><br><strong>AVANCE EN CIENCIAS<\/strong><\/td><\/tr><tr><td>Modalidad<\/td><td>Pago al contado<\/td><td><\/td><td><\/td><\/tr><tr><td>VIRTUAL<\/td><td>S\/ 2,150<\/td><td><\/td><td><\/td><\/tr><tr><td><\/td><td><\/td><td><\/td><td><\/td><\/tr><\/tbody><\/table><\/figure>\n\n\n\n<p class=\"has-vivid-red-color has-text-color has-medium-font-size\"><strong>LAS MODALIDADES PRESENCIAL O VIRTUAL EST\u00c1 CONDICIONADA AL N\u00daMERO DE INSCRITOS<\/strong><\/p>\n\n\n\n<p class=\"has-black-color has-text-color has-small-font-size\">Aclaraci\u00f3n: <br>El curso Avance en Ciencias, no prepara para ning\u00fan proceso de admisi\u00f3n. Avance en Ciencias est\u00e1 dise\u00f1ado para reforzar los conocimientos de los alumnos que cursan 3\u00ba y 4\u00ba de secundaria.<\/p>\n\n\n\n<div style=\"height:100px\" aria-hidden=\"true\" class=\"wp-block-spacer\"><\/div>\n\n\n\n<p>Medios de pago:&nbsp;<\/p>\n\n\n\n<figure class=\"wp-block-image\"><a href=\"https:\/\/dga2.upch.edu.pe\/app\/precayetano\"><img decoding=\"async\" src=\"https:\/\/precayetano.pe\/images\/2020\/PRE-2020\/Captura%20de%20Pantalla%202020-09-15%20a%20las%2020.36.51.png\" alt=\"\"\/><\/a><\/figure>\n\n\n\n<p>Ventanilla de bancos\/ agentes:<\/p>\n\n\n\n<figure class=\"wp-block-image\"><a href=\"https:\/\/dga2.upch.edu.pe\/app\/precayetano\"><img decoding=\"async\" src=\"https:\/\/precayetano.pe\/images\/2020\/PRE-2020\/Captura%20de%20Pantalla%202020-09-15%20a%20las%2020.42.18.png\" alt=\"\"\/><\/a><\/figure>\n\n\n\n<p><strong><a href=\"mailto:informes@precayetano.edu.pe\">informes@precayetano.edu.pe<\/a><\/strong><\/p>\n\n\n\n<div class=\"wp-block-buttons is-layout-flex wp-block-buttons-is-layout-flex\">\n<div class=\"wp-block-button is-style-fill\"><a class=\"wp-block-button__link has-vivid-red-background-color has-background\" href=\"https:\/\/dga2.upch.edu.pe\/app\/precayetano\" target=\"_blank\" rel=\"noreferrer noopener\">Pagar Avance en Ciencias<\/a><\/div>\n<\/div>\n\n\n\n<p><\/p>\n","protected":false},"excerpt":{"rendered":"<p>Horario&nbsp;de clases: INICIO 04 DE SEPTIEMBRE, Fin de curso 8 DE DICIEMBRE Frecuencia:LUNES, MI\u00c9RCOLES y VIERNES de 5:00 P.M. a 8:40 P.M Las asignaturas que se ofrecer\u00e1n son las siguientes: Cultura y Sociedad F\u00edsica Qu\u00edmica Biolog\u00eda Matem\u00e1tica Desarrollo Personal&nbsp; Los bloques de los horarios: Bloque 1 : de 5 a 5:50 p.m. Bloque 2 :&hellip; <br \/> <a class=\"button small blue\" href=\"https:\/\/precayetano.pe\/avance\/inversion\/\">Read more<\/a><\/p>\n","protected":false},"author":1,"featured_media":267,"parent":0,"menu_order":0,"comment_status":"closed","ping_status":"closed","template":"","meta":{"footnotes":""},"class_list":["post-61","page","type-page","status-publish","has-post-thumbnail","hentry"],"_links":{"self":[{"href":"https:\/\/precayetano.pe\/avance\/wp-json\/wp\/v2\/pages\/61","targetHints":{"allow":["GET"]}}],"collection":[{"href":"https:\/\/precayetano.pe\/avance\/wp-json\/wp\/v2\/pages"}],"about":[{"href":"https:\/\/precayetano.pe\/avance\/wp-json\/wp\/v2\/types\/page"}],"author":[{"embeddable":true,"href":"https:\/\/precayetano.pe\/avance\/wp-json\/wp\/v2\/users\/1"}],"replies":[{"embeddable":true,"href":"https:\/\/precayetano.pe\/avance\/wp-json\/wp\/v2\/comments?post=61"}],"version-history":[{"count":42,"href":"https:\/\/precayetano.pe\/avance\/wp-json\/wp\/v2\/pages\/61\/revisions"}],"predecessor-version":[{"id":838,"href":"https:\/\/precayetano.pe\/avance\/wp-json\/wp\/v2\/pages\/61\/revisions\/838"}],"wp:featuredmedia":[{"embeddable":true,"href":"https:\/\/precayetano.pe\/avance\/wp-json\/wp\/v2\/media\/267"}],"wp:attachment":[{"href":"https:\/\/precayetano.pe\/avance\/wp-json\/wp\/v2\/media?parent=61"}],"curies":[{"name":"wp","href":"https:\/\/api.w.org\/{rel}","templated":true}]}}