{"id":73,"date":"2022-04-12T16:44:10","date_gmt":"2022-04-12T16:44:10","guid":{"rendered":"https:\/\/precayetano.pe\/avance\/?page_id=73"},"modified":"2023-05-15T15:00:41","modified_gmt":"2023-05-15T15:00:41","slug":"beneficios","status":"publish","type":"page","link":"https:\/\/precayetano.pe\/avance\/beneficios\/","title":{"rendered":"Beneficios"},"content":{"rendered":"\n<hr class=\"wp-block-separator is-style-wide\"\/>\n\n\n\n<p><\/p>\n\n\n\n<p><\/p>\n\n\n\n<p class=\"has-medium-font-size\">Sistema de gesti\u00f3n de aprendizaje (aula virtual por curso), material te\u00f3rico, separatas de ejercicios para clase, para autoaprendizaje y para pr\u00e1ctica aut\u00f3noma, sistema de videoconferencia con Zoom, uso de breakout room para trabajo aut\u00f3nomo y colaborativo, situaciones problem\u00e1ticas semanales de apertura y motivaci\u00f3n por cada tema, evaluaciones formativas, simulacros de admisi\u00f3n, consejer\u00eda psicol\u00f3gica, servicio de tutor\u00eda y conferencias a cargo de expertos. <\/p>\n\n\n\n<p class=\"has-medium-font-size\">Contar\u00e1n con acceso a la BIBLIOTECA VIRTUAL las 24 horas del d\u00eda, adem\u00e1s:<\/p>\n\n\n\n<table style=\"width: 800px;\" border=\"0\" align=\"center\">\n\t<tbody>\n\t\t<tr>\n\t\t\t<td rowspan=\"5\"><img loading=\"lazy\" decoding=\"async\" src=\"https:\/\/precayetano.pe\/images\/2022\/chicosemestral4.png\" alt=\"chicosemestral4\" width=\"350\" height=\"656\">\n\t\t\t<\/td>\n\t\t\t<td><img decoding=\"async\" src=\"https:\/\/precayetano.pe\/images\/2022\/botones\/bbt01.png\" alt=\"bbt01\">\n\t\t\t<\/td>\n\t\t\t<td style=\"width: 300px;\"><span style=\"font-family: Montserrat; font-size: 14.4px;\"><strong>AULA VIRTUAL<\/strong><br>Espacio virtual de aprendizaje en l\u00ednea que podr\u00e1s acceder desde cualquier dispositivo, lugar y momento para ver lectutras, videos y cualquier otro material que el instructor publique. Aqu\u00ed ves tus calificaciones, horarios, cursos, etc.<\/span>\n\t\t\t<\/td>\n\t\t<\/tr>\n\t\t<tr>\n\t\t\t<td><img decoding=\"async\" src=\"https:\/\/precayetano.pe\/images\/2022\/botones\/bbt02.png\" alt=\"bbt02\">\n\t\t\t<\/td>\n\t\t\t<td><span style=\"font-family: Montserrat; font-size: 14.4px;\"><strong>EVALUACIONES DIARIAS<\/strong><br>Diariamente en el aula virtual, se habilitar\u00e1n evaluaciones que tienen como objetivo en qu\u00e9 medida vas logrando los aprendizajes; adem\u00e1s, forma favorece el desarrollo de habilidades y competencias.<\/span>\n\t\t\t<\/td>\n\t\t<\/tr>\n\t\t<tr>\n\t\t\t<td><img decoding=\"async\" src=\"https:\/\/precayetano.pe\/images\/2022\/botones\/bbt03.png\" alt=\"bbt03\">\n\t\t\t<\/td>\n\t\t\t<td><span style=\"font-family: Montserrat; font-size: 14.4px;\"><strong>TUTOR\u00cdA Y CONSEJER\u00cdA<\/strong><br>Este servicio tiene por objetivo el acompa\u00f1arte emocionalmente; as\u00ed como, mejorar tu bienestar y desarrollo personal promoviendo las habilidades y estrategias conductivas que te permitan mejorar el rendimiento acad\u00e9mico.<\/span>\n\t\t\t<\/td>\n\t\t<\/tr>\n\t\t<tr>\n\t\t\t<td><img decoding=\"async\" src=\"https:\/\/precayetano.pe\/images\/2022\/botones\/bbt04.png\" alt=\"bbt04\">\n\t\t\t<\/td>\n\t\t\t<td><span style=\"font-family: Montserrat; font-size: 14.4px;\"><strong>SIMULACROS<\/strong><br>Tendr\u00e1s simulacros tipo admisi\u00f3n que te permitir\u00e1n medir los conocimientos adquiridos y familiarizarte con el sistema de evaluaci\u00f3n que realiza la Oficina de Admisi\u00f3n<\/span>\n\t\t\t<\/td>\n\t\t<\/tr>\n\t\t<tr>\n\t\t\t<td><img decoding=\"async\" src=\"https:\/\/precayetano.pe\/images\/2022\/botones\/bbt05.png\" alt=\"bbt05\">\n\t\t\t<\/td>\n\t\t\t<td><span style=\"font-family: Montserrat; font-size: 14.4px;\"><strong>CLASES EN TIEMPO REAL<\/strong><br>Desde el aula virtual podr\u00e1s acceder a clases en tiempo real usando el sistema de videoconferencias ZOOM, durante las sesiones s\u00edncronas podr\u00e1s participar en clase respondiendo preguntas del instructor, resolver ejercicios y consultar directamente.<\/span>\n\t\t\t<\/td>\n\t\t<\/tr>\n\t<\/tbody>\n<\/table>\n\n\n\n<p><\/p>\n\n\n\n<p class=\"has-vivid-red-color has-text-color\"><strong>PREGUNTAS FRECUENTES:<\/strong><\/p>\n\n\n\n<ul class=\"wp-block-list\"><li><strong>\u00bfLas clases se graban?<\/strong><ul><li>Todas las sesiones de la modalidad virtual son grabadas para que nuestros alumnos no pierdan la clase o puedan revisar la explicaci\u00f3n del profesor(a).<\/li><\/ul><\/li><\/ul>\n\n\n\n<p><\/p>\n\n\n\n<p><\/p>\n\n\n\n<p>Escr\u00edbenos:<\/p>\n\n\n\n<figure class=\"wp-block-image is-resized\"><a href=\"https:\/\/api.whatsapp.com\/send?phone=51953479078&amp;text=Hola!%20solicito%20informes%20curso%20AVANCE_EN_CIENCIAS!\"><img loading=\"lazy\" decoding=\"async\" src=\"https:\/\/precayetano.pe\/images\/2022\/wa-pre.png\" alt=\"wa-pre\" width=\"211\" height=\"56\"\/><\/a><\/figure>\n\n\n\n<p class=\"has-medium-font-size\"><img decoding=\"async\" src=\"https:\/\/precayetano.pe\/images\/2021\/social\/fono2.png\" alt=\"fono1\">&nbsp;(+51)&nbsp;<strong>989 945 779 <\/strong>\/ <strong>953 479 078<\/strong><\/p>\n\n\n\n<p><img decoding=\"async\" src=\"https:\/\/precayetano.pe\/images\/2021\/social\/mail1.png\" alt=\"mail1\"> <a href=\"mailto:informes@precayetano.edu.pe\">informes@precayetano.edu.pe<\/a><\/p>\n\n\n\n<p class=\"has-medium-font-size\"><img decoding=\"async\" src=\"https:\/\/precayetano.pe\/images\/2021\/social\/wha1.png\" alt=\"wha1\">&nbsp;<strong>989 945 779<\/strong><\/p>\n","protected":false},"excerpt":{"rendered":"<p>Sistema de gesti\u00f3n de aprendizaje (aula virtual por curso), material te\u00f3rico, separatas de ejercicios para clase, para autoaprendizaje y para pr\u00e1ctica aut\u00f3noma, sistema de videoconferencia con Zoom, uso de breakout room para trabajo aut\u00f3nomo y colaborativo, situaciones problem\u00e1ticas semanales de apertura y motivaci\u00f3n por cada tema, evaluaciones formativas, simulacros de admisi\u00f3n, consejer\u00eda psicol\u00f3gica, servicio de&hellip; <br \/> <a class=\"button small blue\" href=\"https:\/\/precayetano.pe\/avance\/2022\/04\/12\/hello-world\/\">Read more<\/a><\/p>\n","protected":false},"author":1,"featured_media":82,"parent":0,"menu_order":0,"comment_status":"closed","ping_status":"closed","template":"","meta":{"footnotes":""},"class_list":["post-73","page","type-page","status-publish","has-post-thumbnail","hentry"],"_links":{"self":[{"href":"https:\/\/precayetano.pe\/avance\/wp-json\/wp\/v2\/pages\/73","targetHints":{"allow":["GET"]}}],"collection":[{"href":"https:\/\/precayetano.pe\/avance\/wp-json\/wp\/v2\/pages"}],"about":[{"href":"https:\/\/precayetano.pe\/avance\/wp-json\/wp\/v2\/types\/page"}],"author":[{"embeddable":true,"href":"https:\/\/precayetano.pe\/avance\/wp-json\/wp\/v2\/users\/1"}],"replies":[{"embeddable":true,"href":"https:\/\/precayetano.pe\/avance\/wp-json\/wp\/v2\/comments?post=73"}],"version-history":[{"count":11,"href":"https:\/\/precayetano.pe\/avance\/wp-json\/wp\/v2\/pages\/73\/revisions"}],"predecessor-version":[{"id":686,"href":"https:\/\/precayetano.pe\/avance\/wp-json\/wp\/v2\/pages\/73\/revisions\/686"}],"wp:featuredmedia":[{"embeddable":true,"href":"https:\/\/precayetano.pe\/avance\/wp-json\/wp\/v2\/media\/82"}],"wp:attachment":[{"href":"https:\/\/precayetano.pe\/avance\/wp-json\/wp\/v2\/media?parent=73"}],"curies":[{"name":"wp","href":"https:\/\/api.w.org\/{rel}","templated":true}]}}