{"id":12,"date":"2022-04-12T13:55:19","date_gmt":"2022-04-12T13:55:19","guid":{"rendered":"https:\/\/precayetano.pe\/cursos\/?page_id=12"},"modified":"2024-05-09T18:40:47","modified_gmt":"2024-05-09T18:40:47","slug":"factor","status":"publish","type":"page","link":"https:\/\/precayetano.pe\/cursos\/factor\/","title":{"rendered":"Factor Excelencia Medicina"},"content":{"rendered":"<div  id=\"about-us-2\" class=\"about-image-section-pro\" style=\"background-color: #ffffff;\" data-label=\"About us\" data-id=\"about-image-section-pro\" data-category=\"about\">\n<div  class=\"gridContainer\">\n<div  class=\"row about-image-gridcol-pro\">\n<div  class=\"about-image-textcol-pro\" data-type=\"column\">\n<h2  class=\"\">Prep\u00e1rate para ingresar por<\/h2>\n<h3  class=\"\"><strong >Factor Excelencia Medicina<\/strong><\/h3>\n<p  class=\"\">Si terminaste el colegio el 2023 y estuviste en el tercio superior en 3\u00ba, 4\u00ba y 5\u00ba de secundaria o terminas este a\u00f1o y has estado en el tercio superior en 3\u00ba y 4\u00ba, puedes postular a medicina por la modalidad<span  style=\"font-weight: 500; color: #0c89de;\"> Factor Excelencia.<\/span><\/p>\n<\/div>\n<figure ><img decoding=\"async\"  class=\"about-image-img-pro\" src=\"https:\/\/precayetano.pe\/cursos\/wp-content\/uploads\/2023\/04\/factor-2023-2.png\" alt=\"\"><\/figure><div  class=\"\" data-type=\"column\"><\/div>\n<\/div>\n<\/div>\n<\/div><div  id=\"content-1\" class=\"content-full-left-image-section\" style=\"background-color: #f9f9f9; background-image: none;\" data-label=\"Content\" data-id=\"content-full-left-image-section\" data-category=\"content\" data-ovid=\"ovid-content-1-1721\">\n<div  class=\"content-full-left-image-innerrow\">\n<div  class=\"content-full-left-image-imgcol\" style=\"background-image: url('https:\/\/precayetano.pe\/cursos\/wp-content\/uploads\/2023\/04\/factor-2023-4.png');\" data-bg=\"image\">&nbsp;<\/div>\n<div  class=\"content-full-left-image-textcol dynamic-color\">\n<div  class=\"\" data-type=\"column\">\n<h5  class=\"\">Curso de preparaci\u00f3n<\/h5>\n<h2  class=\"\">Factor Excelencia Medicina<\/h2>\n<p  class=\"\">Ciclo PRESENCIAL o VIRTUAL de preparaci\u00f3n exclusivo para el examen de la modalidad de admisi\u00f3n FACTOR EXCELENCIA MEDICINA .<\/p>\n<p  class=\"\">Duraci\u00f3n 15 semanas en las que contar\u00e1s con evaluaciones diarias, simulacros de admisi\u00f3n, tutor\u00eda y consejer\u00eda psicol\u00f3gica.<\/p>\n<\/div>\n<div  class=\"content-full-left-image-featuresrow\">\n<div  class=\"content-full-left-image-featurescol\" data-type=\"column\">\n<h5  class=\"\">DIRIGIDO A:<\/h5>\n<p  class=\"\">Alumnos que est\u00e1n cursando 5\u00ba de secundaria y egresados el 2023, que cuenten con el tercio superior en 3\u00ba, 4\u00ba , 5\u00ba de secundaria.<\/p>\n<h5  class=\"\">HORARIO<\/h5>\n<p  class=\"\">Clases: Horario \u00fanico de lunes a viernes de 5:00 a 8:40 pm; s\u00e1bados de 8:00 am a 12:00 pm<\/p>\n<a class=\"button color1\" href=\"https:\/\/dga2.upch.edu.pe\/app\/precayetano\" target=\"_self\" data-icon=\"\" rel=\"noopener\">Incribirse<\/a><\/div>\n<div  class=\"content-full-left-image-featurescol\" data-type=\"column\">\n<h5  class=\"\">MODALIDAD<\/h5>\n<p  class=\"\">Modalidad PRESENCIAL o VIRTUAL.<\/p>\n<p  class=\"\">Si eliges virtual las clases son en tiempo real y se utiliza las plataformas Moodle y Zoom.<\/p>\n<h5  class=\"\">REFUERZO ACAD\u00c9MICO<\/h5>\n<p  class=\"\">Simulacros de Aptitud y conocimientos: S\u00e1bados de 12:00 a 2:30 pm.<\/p>\n<\/div>\n<\/div>\n<\/div>\n<\/div>\n<\/div><div  class=\"wp-container-1 wp-block-buttons\">\n<div  class=\"wp-block-button\"><a class=\"wp-block-button__link button transparent\" href=\"\" target=\"_self\" data-icon=\"\" rel=\"noopener\"><\/a><\/div>\n<\/div><div  id=\"content-2\" class=\"content-full-right-image-section white-text-section\" style=\"background-color: #00b6db; background-image: none;\" data-label=\"Content\" data-id=\"content-full-right-image-section\" data-category=\"content\" data-ovid=\"ovid-content-2-2680\">\n<div  class=\"content-full-right-image-innerrow\">\n<div  class=\"content-full-right-image-textcol dynamic-color\">\n<div  class=\"\" data-type=\"column\">\n<h5  class=\"\">postular por Factor Excelencia<\/h5>\n<h2  class=\"\">Requisitos<\/h2>\n<p  class=\"\">Factor Excelencia es una modalidad de ingreso a la carrera de medicina de nuestra universidad. Para postular por esta modalidad debes cumplir los siguientes requisitos:<\/p>\n<\/div>\n<div  class=\"content-full-right-image-featuresrow\">\n<div  class=\"content-full-right-image-featurescol\" data-type=\"column\">\n<h5  class=\"\">TERCIO SUPERIOR<\/h5>\n<p  class=\"\">Haber pertenecido al tercio superior de tu colegio en 3\u00ba, 4\u00ba y 5\u00ba de secundaria.<\/p>\n<h5  class=\"\">\u00bfYA TERMINASTE EL COLEGIO?<\/h5>\n<p  class=\"\">En esta modalidad pueden postular los que terminaron como m\u00e1ximo el <span  style=\"font-weight: 500;\">2023<\/span>.<\/p>\n<p  class=\"\"><strong >Nota:<\/strong> La Pre Cayetano brinda el servicio de \u201cpreparaci\u00f3n para el examen por factor Excelencia\u201d; cada estudiante debe realizar el proceso de admisi\u00f3n por esta modalidad.<\/p>\n<\/div>\n<div  class=\"content-full-right-image-featurescol\" data-type=\"column\">\n<h5  class=\"\">SI EST\u00c1S EN 5\u00ba DE SECUNDARIA<\/h5>\n<p  class=\"\">Debes presentar una constancia que estuviste en el tercio superior en 3\u00ba y 4\u00ba de secundaria.<\/p>\n<h5  class=\"\">PARA POSTULAR<\/h5>\n<p  class=\"\">Debes inscribirte en la plataforma de admisi\u00f3n. Nosotros podemos asesorarte.<\/p>\n<\/div>\n<\/div>\n<\/div>\n<\/div>\n<\/div><div  class=\"wp-container-2 wp-block-buttons\"><\/div>","protected":false},"excerpt":{"rendered":"<p>Prep\u00e1rate para ingresar por Factor Excelencia Medicina Si terminaste el colegio el 2023 y estuviste en el tercio superior en 3\u00ba, 4\u00ba y 5\u00ba de secundaria o terminas este a\u00f1o&hellip; <br \/> <a class=\"button small blue\" href=\"https:\/\/precayetano.pe\/cursos\/2023\/11\/07\/ultimo-simulacro-de-admision-del-2023\/\">Read more<\/a><\/p>\n","protected":false},"author":1,"featured_media":2559,"parent":0,"menu_order":0,"comment_status":"closed","ping_status":"closed","template":"full-width-page.php","meta":{"_eb_attr":"","footnotes":""},"class_list":["post-12","page","type-page","status-publish","has-post-thumbnail","hentry"],"_links":{"self":[{"href":"https:\/\/precayetano.pe\/cursos\/wp-json\/wp\/v2\/pages\/12","targetHints":{"allow":["GET"]}}],"collection":[{"href":"https:\/\/precayetano.pe\/cursos\/wp-json\/wp\/v2\/pages"}],"about":[{"href":"https:\/\/precayetano.pe\/cursos\/wp-json\/wp\/v2\/types\/page"}],"author":[{"embeddable":true,"href":"https:\/\/precayetano.pe\/cursos\/wp-json\/wp\/v2\/users\/1"}],"replies":[{"embeddable":true,"href":"https:\/\/precayetano.pe\/cursos\/wp-json\/wp\/v2\/comments?post=12"}],"version-history":[{"count":42,"href":"https:\/\/precayetano.pe\/cursos\/wp-json\/wp\/v2\/pages\/12\/revisions"}],"predecessor-version":[{"id":3537,"href":"https:\/\/precayetano.pe\/cursos\/wp-json\/wp\/v2\/pages\/12\/revisions\/3537"}],"wp:featuredmedia":[{"embeddable":true,"href":"https:\/\/precayetano.pe\/cursos\/wp-json\/wp\/v2\/media\/2559"}],"wp:attachment":[{"href":"https:\/\/precayetano.pe\/cursos\/wp-json\/wp\/v2\/media?parent=12"}],"curies":[{"name":"wp","href":"https:\/\/api.w.org\/{rel}","templated":true}]}}