{"id":1298,"date":"2022-11-18T22:45:47","date_gmt":"2022-11-18T22:45:47","guid":{"rendered":"https:\/\/precayetano.pe\/cursos\/?page_id=1298"},"modified":"2023-01-19T03:09:21","modified_gmt":"2023-01-19T03:09:21","slug":"preparate-verano-2023","status":"publish","type":"page","link":"https:\/\/precayetano.pe\/cursos\/preparate-verano-2023\/","title":{"rendered":"Prep\u00e1rate verano 2023"},"content":{"rendered":"<div  id=\"about-us-2\" class=\"about-image-section-pro\" style=\"background-color: rgb(255, 255, 255); background-image: none;\" data-label=\"About us\" data-id=\"about-image-section-pro\" data-category=\"about\" data-ovid=\"ovid-about-us-2-123\">\n<div  class=\"gridContainer\">\n<div  class=\"row about-image-gridcol-pro\">\n<div  class=\"about-image-textcol-pro\" data-type=\"column\">\n<h2  class=\"\">!Inicia tu preparaci\u00f3n!<\/h2>\n<p  class=\"\">Este curso est\u00e1 dirigido a estudiantes que el 2023 inician 5\u00ba de secundaria y para egresados del colegio que quieren iniciar&nbsp; una preparaci\u00f3n para reforzar sus conocimientos o como antesala al curso Semestral 2023-I*.<\/p>\n<p  class=\"\"><span  style=\"color: #999999;\">*El curso Semestral es una modalidad de admisi\u00f3n (las vacantes son entregadas a quienes logren los mejores promedios al final del curso y en estricto orden de m\u00e9rito seg\u00fan la cantidad de vacantes que cada facultad otorga.<\/span><\/p>\n\n<\/div>\n<div  class=\"\" data-type=\"column\"><img decoding=\"async\"  class=\"about-image-img-pro\" src=\"https:\/\/precayetano.pe\/cursos\/wp-content\/uploads\/2022\/12\/PRECAYETANO_1200X630_5-2.png\" alt=\"\"><\/div>\n&nbsp;\n\n<\/div>\n<\/div>\n<\/div><div  id=\"about-5\" class=\"about-text-icons-section\" style=\"background-color: rgba(218, 208, 226, 0.38); background-image: none;\" data-label=\"About\" data-id=\"about-text-icons-section\" data-category=\"about\" data-ovid=\"ovid-about-5-8385\">\n<div  class=\"gridContainer\">\n<div  class=\"about-text-icons-innerrow dynamic-color\">\n<div  class=\"about-text-icons-textcol\" data-type=\"column\">\n<h5  class=\"\">Ventajas<\/h5>\n<h3  class=\"\">Organ\u00edza tus tiempos\n<span  class=\"span24\">estudiando en tiempo real.<\/span><\/h3>\n<p  class=\"\">M\u00e1s participaci\u00f3n<\/p>\n<p  class=\"\">Podr\u00e1s participar de muchas maneras; chats, comentarios, preguntando directamente al instructor ya que las clases son en tiempo real.<\/p>\n<p  class=\"\">Adem\u00e1s contar\u00e1s con talleres de reforzamiento a fin de fortalecer los aprendizajes esperados.<\/p>\n<p  class=\"\">&nbsp;<\/p>\n\n<\/div>\n<div  class=\"about-text-icons-cols flexbox-list\">\n<div  class=\"about-text-icons-iconcol\"><i  class=\"font-icon-21 fa fa-rocket color1\" data-cp-fa=\"true\"><\/i>\n\n&nbsp;\n\n&nbsp;\n<h4 >Aula Virtual<\/h4>\nAqu\u00ed encontrar\u00e1s material de lectura, clases en tiempo real, grabaciones y evaluaciones. Podr\u00e1s acceder desde cualquier lugar y dispositivo que cuente con internet.\n\n<a href=\"#\" target=\"_self\" rel=\"noopener\" data-reiki-hidden=\"true\"><i  class=\"font-icon-20 fa fa-angle-double-right color6\" data-cp-fa=\"true\"><\/i>&nbsp;learn more<\/a>\n\n<\/div>\n<div  class=\"about-text-icons-iconcol\"><i  class=\"font-icon-21 fa fa-wechat color6\" data-cp-fa=\"true\"><\/i>\n\n&nbsp;\n\n&nbsp;\n<h4 >Tutor\u00eda y Consejer\u00eda Psicol\u00f3gica<\/h4>\nUn profesional te orientar\u00e1 y dar\u00e1 recomendaciones a lo largo del curso.\n\n<a href=\"#\" target=\"_self\" rel=\"noopener\" data-reiki-hidden=\"true\"><i  class=\"font-icon-20 fa fa-angle-double-right color6\" data-cp-fa=\"true\"><\/i>&nbsp;learn more<\/a>\n\n<\/div>\n<div  class=\"about-text-icons-iconcol\"><i  class=\"font-icon-21 fa fa-folder-open color6\" data-cp-fa=\"true\"><\/i>\n\n&nbsp;\n\n&nbsp;\n<h4 >Biblioteca Virtual<\/h4>\nDisponible las 24 horas. Podr\u00e1s ingresar desde donde est\u00e9s para leer las lecturas recomendadas.\n\n<a href=\"#\" target=\"_self\" rel=\"noopener\" data-reiki-hidden=\"true\"><i  class=\"font-icon-20 fa fa-angle-double-right color6\" data-cp-fa=\"true\"><\/i>&nbsp;learn more<\/a>\n\n<\/div>\n<div  class=\"about-text-icons-iconcol\"><i  class=\"font-icon-21 fa fa-signal color6\" data-cp-fa=\"true\"><\/i>\n\n&nbsp;\n\n&nbsp;\n<h4 >Evaluaciones semanales<\/h4>\nDesde la segunda semana, los estudiantes rinden evaluaciones de cada tema desarrollado.\n\n<a href=\"#\" target=\"_self\" rel=\"noopener\" data-reiki-hidden=\"true\"><i  class=\"font-icon-20 fa fa-angle-double-right color6\" data-cp-fa=\"true\"><\/i>&nbsp;learn more<\/a>\n\n<\/div>\n<\/div>\n<\/div>\n<\/div>\n<\/div><div  id=\"content-1\" class=\"content-full-left-image-section\" style=\"background-color: rgba(255, 255, 255, 0.19); background-image: none;\" data-label=\"Content\" data-id=\"content-full-left-image-section\" data-category=\"content\" data-ovid=\"ovid-content-1-8901\">\n<div  class=\"content-full-left-image-innerrow\">\n<div  class=\"content-full-left-image-imgcol\" style=\"background-image: url('https:\/\/precayetano.pe\/cursos\/wp-content\/uploads\/2022\/12\/PRE-CAYETANO_5.png');\" data-bg=\"image\">&nbsp;<\/div>\n<div  class=\"content-full-left-image-textcol dynamic-color\">\n<div  class=\"\" data-type=\"column\">\n<h5  class=\"\">Prep\u00e1rate verano 2023<\/h5>\n<h2  class=\"\">Asignaturas y horas lectivas<\/h2>\n<p  class=\"\">Asignaturas: F\u00edsica, Qu\u00edmica, Biolog\u00eda, Matem\u00e1tica, Aptitud Verbal, Cultura y Sociedad y Desarrollo Personal.<\/p>\n<p  class=\"\">&nbsp;<\/p>\n\n<\/div>\n<div  class=\"content-full-left-image-featuresrow\">\n<div  class=\"content-full-left-image-featurescol\" data-type=\"column\">\n<h5  class=\"\">Inicio y Fin<\/h5>\n<p  class=\"\">Del 9 de enero 2023<\/p>\n<p  class=\"\">Al 24 de febrero 2023<\/p>\n\n<h5  class=\"\">Total horas lectivas<\/h5>\n<p  class=\"\">Modalidad VIRTUAL o PRESENCIAL<\/p>\n<p  class=\"\">Duraci\u00f3n 7 semanas<\/p>\n<p  class=\"\">(23 horas semanales)<\/p>\n\n\n<\/div>\n<div  class=\"content-full-left-image-featurescol\" data-type=\"column\">\n<h5  class=\"\">Horario<\/h5>\n<p  class=\"\">Turno: ma\u00f1ana<\/p>\n<p  class=\"\">De lunes a viernes de 8:00 AM a 12:50 PM<\/p>\n\n<h5  class=\"\">Inversi\u00f3n<\/h5>\n<p  class=\"\">S\/ 2,657.00 soles.<\/p>\n\n<p  class=\"\"><span  style=\"font-weight: 200;\">En caso de necesitar factura, antes de realizar el pago s\u00edrvase solicitarla a administracion@precayetano.edu.pe,&nbsp;indicando la raz\u00f3n social y RUC<\/span><\/p>\n\n<\/div>\n<\/div>\n<\/div>\n<\/div>\n<\/div><div  id=\"cta-2\" class=\"cta-centered-section white-text cta-centered-section-grid\" data-label=\"Cta\" data-id=\"cta-centered-section-grid\" data-category=\"cta\">\n<div  class=\"gridContainer\">\n<div  class=\"row\">\n<div  class=\"cta-centered-section-col dynamic-color\" data-type=\"column\">\n<h3  class=\"cta-centered-section-tite\">\u00bfNo sabes qu\u00e9 curso elegir y necesitas una asesor\u00eda?<\/h3>\n<p  class=\"cta-centered-section-text\">Escribe al whatsapp:<\/p>\n<p  class=\"\">(+51) 953 149 020<\/p>\n<p  class=\"\">&nbsp;(+51) 989 945 779 \/ 953 479 078<\/p>\n<p  class=\"\">Correo electr\u00f3nico: informes@precayetano.edu.pe<\/p>\n<p  class=\"\"><a class=\"button big color3 dark-text\" href=\"https:\/\/wa.me\/51953149020\" target=\"_self\" rel=\"noopener\" data-icon=\"\"> CHATEA CON UN ESPECIALISTA <\/a><\/p>\n\n<\/div>\n<\/div>\n<\/div>\n<\/div>","protected":false},"excerpt":{"rendered":"<p>!Inicia tu preparaci\u00f3n! Este curso est\u00e1 dirigido a estudiantes que el 2023 inician 5\u00ba de secundaria y para egresados del colegio que quieren iniciar&nbsp; una preparaci\u00f3n para reforzar sus conocimientos&hellip; <br \/> <a class=\"button small blue\" href=\"https:\/\/precayetano.pe\/cursos\/2023\/11\/07\/ultimo-simulacro-de-admision-del-2023\/\">Read more<\/a><\/p>\n","protected":false},"author":1,"featured_media":1653,"parent":0,"menu_order":0,"comment_status":"closed","ping_status":"closed","template":"full-width-page.php","meta":{"_eb_attr":"","footnotes":""},"class_list":["post-1298","page","type-page","status-publish","has-post-thumbnail","hentry"],"_links":{"self":[{"href":"https:\/\/precayetano.pe\/cursos\/wp-json\/wp\/v2\/pages\/1298","targetHints":{"allow":["GET"]}}],"collection":[{"href":"https:\/\/precayetano.pe\/cursos\/wp-json\/wp\/v2\/pages"}],"about":[{"href":"https:\/\/precayetano.pe\/cursos\/wp-json\/wp\/v2\/types\/page"}],"author":[{"embeddable":true,"href":"https:\/\/precayetano.pe\/cursos\/wp-json\/wp\/v2\/users\/1"}],"replies":[{"embeddable":true,"href":"https:\/\/precayetano.pe\/cursos\/wp-json\/wp\/v2\/comments?post=1298"}],"version-history":[{"count":39,"href":"https:\/\/precayetano.pe\/cursos\/wp-json\/wp\/v2\/pages\/1298\/revisions"}],"predecessor-version":[{"id":1878,"href":"https:\/\/precayetano.pe\/cursos\/wp-json\/wp\/v2\/pages\/1298\/revisions\/1878"}],"wp:featuredmedia":[{"embeddable":true,"href":"https:\/\/precayetano.pe\/cursos\/wp-json\/wp\/v2\/media\/1653"}],"wp:attachment":[{"href":"https:\/\/precayetano.pe\/cursos\/wp-json\/wp\/v2\/media?parent=1298"}],"curies":[{"name":"wp","href":"https:\/\/api.w.org\/{rel}","templated":true}]}}