{"id":193,"date":"2022-05-04T18:23:46","date_gmt":"2022-05-04T18:23:46","guid":{"rendered":"https:\/\/precayetano.pe\/cursos\/?page_id=193"},"modified":"2022-09-26T18:09:07","modified_gmt":"2022-09-26T18:09:07","slug":"historia","status":"publish","type":"page","link":"https:\/\/precayetano.pe\/cursos\/historia\/","title":{"rendered":"Rese\u00f1a Hist\u00f3rica"},"content":{"rendered":"<div data-label=\"Content\" data-id=\"content-image-left\" data-category=\"content\" class=\"content-left-image-section content-image-left content-relative\" id=\"content-3\" style=\"background-color: rgb(246, 246, 246); background-image: none;\" data-ovid=\"ovid-content-3-929\">\n<div class=\"gridContainer\">\n<div class=\"row\">\n<div class=\"content-left-image-imgcol\" data-type=\"column\"> <img decoding=\"async\" src=\"https:\/\/precayetano.pe\/cursos\/wp-content\/uploads\/2022\/05\/dsdsdsds.png\" class=\"\" alt=\"\">\n<div class=\"spacer\" data-type=\"group\"><span class=\"fa before\"><\/span><i class=\"fa fa-bandcamp color6\"><\/i><span class=\"fa after\"><\/span><\/div>\n<img decoding=\"async\" class=\"custom-image\" src=\"https:\/\/precayetano.pe\/cursos\/wp-content\/uploads\/2022\/05\/WhatsApp-Image-2022-04-29-at-6.12.20-PM.jpeg\" alt=\"\">\n\n<\/div>\n<div class=\"content-left-image-textcol dynamic-color\" data-type=\"column\">\n<h2 class=\"\">Rese\u00f1a Hist\u00f3rica<\/h2>\n<p class=\"large_text\">La Universidad Peruana Cayetano Heredia (UPCH), fundada el 22 de setiembre de 1961, ha adquirido un s\u00f3lido prestigio a nivel nacional e internacional por su excelencia en la formaci\u00f3n profesional, en investigaci\u00f3n y su compromiso social.<\/p>\nGran parte de la oferta formativa escolar no logra desarrollar los conocimientos , habilidades y capacidades necesarias para enfrentar con \u00e9xito las exigencias universitarias. Frente a esta situaci\u00f3n, en 1984 la UPCH decidi\u00f3 crear el Centro de Estudios Preuniversitarios (CEPU) con el objetivo de brindar al estudiante egresado de Secundaria, un medio que asegure una transici\u00f3n adecuada entre el colegio y la universidad, impartiendo una formaci\u00f3n acad\u00e9mica que permita a nuestros estudiantes estar mejor preparados para dar inicio a la formaci\u00f3n profesional de calidad.\n\nEl CEPU es un organismo dependiente del Vicerrectorado Acad\u00e9mico de la Universidad Peruana Cayetano Heredia. Se rige por la Ley Universitaria, el estatuto de la Universidad y su reglamento interno.\n\nEl gobierno del Centro es ejercido por el Directorio y la Directora, nombrados por el Consejo Universitario de la UPCH.\n\nEl Centro durante el a\u00f1o ofrece dos cursos semestrales con vacantes de ingreso directo a la UPCH de marzo a julio y de agosto a diciembre. Tambi\u00e9n brinda preparaci\u00f3n para las diferentes modalidades de ingreso de la Universidad tales como: Examen General de Admisi\u00f3n, Factor Excelencia, Talento Acad\u00e9mico y Exonerados.\n\n<\/div>\n<\/div>\n<\/div>\n<\/div>\n<div data-label=\"About\" data-id=\"about-four-boxes-section\" data-category=\"about\" class=\"about-four-boxes-section dark-text-section\" id=\"about-2\" style=\"background-color: rgb(255, 255, 255); background-image: none;\" data-ovid=\"ovid-about-2-5026\">\n<div class=\"gridContainer\">\n<div class=\"about-four-boxes-innerrow flexbox-list\">\n<div class=\"about-four-boxes-imgcol\" data-bg=\"image\" style=\"background-image: url(&quot;https:\/\/precayetano.pe\/cursos\/wp-content\/uploads\/2022\/06\/upch443.png&quot;);\"><\/div>\n<div class=\"about-four-boxes-textcol\" data-type=\"column\">\n<h6 class=\"\">universidad peruana cayetano heredia<\/h6>\n<h2 class=\"\">Misi\u00f3n<\/h2>\n<p class=\"\">\u201cBrindar formaci\u00f3n profesional integral a las personas a lo largo de la vida; generar y difundir conocimiento, ciencia, tecnolog\u00eda e innovaci\u00f3n con excelencia, compromiso social y alcance global\u201d.<\/p>\n\n\n<\/div>\n<div class=\"about-four-boxes-textcol\" data-type=\"column\">\n<h6 class=\"\">L\u00cdDERES EN INVESTIGACI\u00d3N<\/h6>\n<h2 class=\"\">Visi\u00f3n<\/h2>\n<p class=\"\">\u201cSer una universidad innovadora, con liderazgo nacional y prestigio global, comprometida con la excelencia acad\u00e9mica, la investigaci\u00f3n relevante y el desarrollo sostenible\u201d.<\/p>\n\n\n<\/div>\n<div class=\"about-four-boxes-imgcol2\" data-bg=\"image\" style=\"background-image: url(&quot;https:\/\/precayetano.pe\/cursos\/wp-content\/uploads\/2022\/06\/cientifico-cayetano.jpg&quot;);\"><\/div>\n<\/div>\n<\/div>\n<\/div>\n<div data-label=\"Content\" data-id=\"full-width-video-popup\" data-category=\"content\" class=\"row_289 full-width-video-popup\" data-parallax-depth=\"20\" id=\"content-1\" style=\"background-color: rgb(246, 246, 246); background-image: url(&quot;https:\/\/precayetano.pe\/cursos\/wp-content\/uploads\/2022\/06\/upch443.png&quot;); background-size: cover; background-position: center top;\" data-ovid=\"ovid-content-1-5058\">\n<div class=\"gridContainer dynamic-color\">\n<div class=\"row_290\">\n<div class=\"row_291\">\n<div class=\"column_266\"> <a data-fancybox=\"\" href=\"https:\/\/youtu.be\/o3xz8qoSfGI\" data-video-lightbox=\"true\" class=\"\"> <i data-cp-fa=\"true\" class=\"font-video-icon fa fa-play-circle-o color6\"><\/i> <\/a>\n<h2 class=\"heading104\">Video Institucional<\/h2>\n<\/div>\n<\/div>\n<\/div>\n<\/div>\n<\/div>\n<div data-label=\"Content\" data-id=\"video-on-bottom\" data-category=\"content\" class=\"row_292 video-on-bottom\" id=\"content-4\" style=\"background-color: rgb(255, 255, 255);\">\n<div class=\"gridContainer\">\n<div class=\"row\">\n<div class=\"column_269 dynamic-color\">\n<h2>Video Conmemorativo 61 aniversario<\/h2>\nUNIVERSIDAD PERUANA CAYETANO HEREDIA\n<div class=\"row_296\">\n<div class=\"content-center-video-imgcol\" data-bg=\"image\" data-type=\"group\" style=\"background-image: url(&quot;https:\/\/precayetano.pe\/cursos\/wp-content\/uploads\/2022\/09\/Captura-de-Pantalla-2022-09-24-a-las-08.44.42.png&quot;);\"> <a data-fancybox=\"\" href=\"https:\/\/www.youtube.com\/watch?v=uDNNa6OG8Dg\" data-video-lightbox=\"true\" class=\"\"> <i data-cp-fa=\"true\" class=\"font-icon-video-on-bottom fa fa-play-circle-o color6\"><\/i><\/a><\/div>\n<\/div>\n<\/div>\n<\/div>\n<\/div>\n<\/div>\n.","protected":false},"excerpt":{"rendered":"<p>Rese\u00f1a Hist\u00f3rica La Universidad Peruana Cayetano Heredia (UPCH), fundada el 22 de setiembre de 1961, ha adquirido un s\u00f3lido prestigio a nivel nacional e internacional por su excelencia en la&hellip; <br \/> <a class=\"button small blue\" href=\"https:\/\/precayetano.pe\/cursos\/2023\/11\/07\/ultimo-simulacro-de-admision-del-2023\/\">Read more<\/a><\/p>\n","protected":false},"author":1,"featured_media":38,"parent":0,"menu_order":0,"comment_status":"closed","ping_status":"closed","template":"","meta":{"_eb_attr":"","footnotes":""},"class_list":["post-193","page","type-page","status-publish","has-post-thumbnail","hentry"],"_links":{"self":[{"href":"https:\/\/precayetano.pe\/cursos\/wp-json\/wp\/v2\/pages\/193","targetHints":{"allow":["GET"]}}],"collection":[{"href":"https:\/\/precayetano.pe\/cursos\/wp-json\/wp\/v2\/pages"}],"about":[{"href":"https:\/\/precayetano.pe\/cursos\/wp-json\/wp\/v2\/types\/page"}],"author":[{"embeddable":true,"href":"https:\/\/precayetano.pe\/cursos\/wp-json\/wp\/v2\/users\/1"}],"replies":[{"embeddable":true,"href":"https:\/\/precayetano.pe\/cursos\/wp-json\/wp\/v2\/comments?post=193"}],"version-history":[{"count":12,"href":"https:\/\/precayetano.pe\/cursos\/wp-json\/wp\/v2\/pages\/193\/revisions"}],"predecessor-version":[{"id":947,"href":"https:\/\/precayetano.pe\/cursos\/wp-json\/wp\/v2\/pages\/193\/revisions\/947"}],"wp:featuredmedia":[{"embeddable":true,"href":"https:\/\/precayetano.pe\/cursos\/wp-json\/wp\/v2\/media\/38"}],"wp:attachment":[{"href":"https:\/\/precayetano.pe\/cursos\/wp-json\/wp\/v2\/media?parent=193"}],"curies":[{"name":"wp","href":"https:\/\/api.w.org\/{rel}","templated":true}]}}