{"id":537,"date":"2022-06-28T15:00:56","date_gmt":"2022-06-28T15:00:56","guid":{"rendered":"https:\/\/precayetano.pe\/cursos\/?page_id=537"},"modified":"2024-04-15T23:33:25","modified_gmt":"2024-04-15T23:33:25","slug":"preparate","status":"publish","type":"page","link":"https:\/\/precayetano.pe\/cursos\/preparate\/","title":{"rendered":"Prep\u00e1rate"},"content":{"rendered":"<div id=\"pl-gb537-69f6204fcad48\"  class=\"panel-layout\" ><div id=\"pg-gb537-69f6204fcad48-0\"  class=\"panel-grid panel-no-style\" ><div id=\"pgc-gb537-69f6204fcad48-0-0\"  class=\"panel-grid-cell\" ><div id=\"panel-gb537-69f6204fcad48-0-0-0\" class=\"so-panel widget widget_text panel-first-child panel-last-child\" data-index=\"0\" ><div class=\"panel-widget-style panel-widget-style-for-gb537-69f6204fcad48-0-0-0\" ><h3 class=\"widget-title\">PREP\u00c1RATE 5\u00ba de secundaria<\/h3>\t\t\t<div class=\"textwidget\"><\/div>\n\t\t<\/div><\/div><\/div><\/div><div id=\"pg-gb537-69f6204fcad48-1\"  class=\"panel-grid panel-no-style\" ><div id=\"pgc-gb537-69f6204fcad48-1-0\"  class=\"panel-grid-cell\" ><div id=\"panel-gb537-69f6204fcad48-1-0-0\" class=\"so-panel widget widget_media_image panel-first-child panel-last-child\" data-index=\"1\" ><img loading=\"lazy\" decoding=\"async\" width=\"576\" height=\"1024\" src=\"https:\/\/precayetano.pe\/cursos\/wp-content\/uploads\/2024\/04\/preparate5-2-2.png\" class=\"image wp-image-3511  attachment-full size-full\" alt=\"\" style=\"max-width: 100%; height: auto;\" srcset=\"https:\/\/precayetano.pe\/cursos\/wp-content\/uploads\/2024\/04\/preparate5-2-2.png 576w, https:\/\/precayetano.pe\/cursos\/wp-content\/uploads\/2024\/04\/preparate5-2-2-169x300.png 169w\" sizes=\"auto, (max-width: 576px) 100vw, 576px\" \/><\/div><\/div><div id=\"pgc-gb537-69f6204fcad48-1-1\"  class=\"panel-grid-cell\" ><div id=\"panel-gb537-69f6204fcad48-1-1-0\" class=\"so-panel widget widget_text panel-first-child\" data-index=\"2\" >\t\t\t<div class=\"textwidget\"><p>Para ti que este 2024 inicias <strong>5to de secundaria<\/strong>, este curso te servir\u00e1 para ir prepar\u00e1ndote para tu futura postulaci\u00f3n a la universidad y a la vez repotenciar\u00e1 tus conocimientos en ciencias.<\/p>\n<p>Desarrollaremos contenidos te\u00f3ricos y pr\u00e1cticos con material bibliogr\u00e1fico para el desarrollo de conceptos y su contextualizaci\u00f3n a trav\u00e9s de la resoluci\u00f3n de problemas y ejercicios que reforzar\u00e1n tus conocimientos de acuerdo a la gu\u00eda del postulante a la UPCH en:<\/p>\n<p>QU\u00cdMICA &#8211; APTITUD VERBAL &#8211; MATEM\u00c1TICAS &#8211; BIOLOG\u00cdA &#8211; F\u00cdSICA &#8211; CULTURA Y SOCIEDAD &#8211; APTITUD MATEM\u00c1TICA<\/p>\n<p>Modalidad\u00a0 <strong>PRESENCIAL<\/strong>.<\/p>\n<\/div>\n\t\t<\/div><div id=\"panel-gb537-69f6204fcad48-1-1-1\" class=\"so-panel widget widget_text panel-last-child\" data-index=\"3\" ><div class=\"panel-widget-style panel-widget-style-for-gb537-69f6204fcad48-1-1-1\" >\t\t\t<div class=\"textwidget\"><p style=\"text-align: justify;\">Inicio: <strong>29 de abril<br \/>\n<\/strong><\/p>\n<p>Duraci\u00f3n: 10 semanas<\/p>\n<p><strong>HORARIO<\/strong><\/p>\n<p>De lunes a viernes de 5:00 pm a 8:00 pm<br \/>\nFecha de fin: 23 de junio<\/p>\n<p>*Evaluaciones Diarias a trav\u00e9s del aula virtual<\/p>\n<p>&nbsp;<\/p>\n<table border=\"0\" width=\"60%\" cellspacing=\"0\" cellpadding=\"0\">\n<tbody>\n<tr>\n<td colspan=\"2\" bgcolor=\"#ECEAE2\"><strong>Curso Prep\u00e1rate<br \/>\n<\/strong><\/td>\n<\/tr>\n<tr>\n<td colspan=\"2\"><strong>Pago al contado S\/ 3,045.=<\/strong><\/td>\n<\/tr>\n<\/tbody>\n<\/table>\n<p style=\"text-align: justify;\">\n<\/div>\n\t\t<\/div><\/div><\/div><\/div><div id=\"pg-gb537-69f6204fcad48-2\"  class=\"panel-grid panel-no-style\" ><div id=\"pgc-gb537-69f6204fcad48-2-0\"  class=\"panel-grid-cell\" ><div id=\"panel-gb537-69f6204fcad48-2-0-0\" class=\"so-panel widget widget_text panel-first-child panel-last-child\" data-index=\"4\" >\t\t\t<div class=\"textwidget\"><p>Las clases presenciales se dictan en nuestra sede de Av. Armend\u00e1riz 445, Miraflores.<br \/>\n&#8211; La apertura de un turno est\u00e1 condicionado al n\u00famero de inscritos.<\/p>\n<p>&nbsp;<\/p>\n<\/div>\n\t\t<\/div><\/div><\/div><div id=\"pg-gb537-69f6204fcad48-3\"  class=\"panel-grid panel-no-style\" ><div id=\"pgc-gb537-69f6204fcad48-3-0\"  class=\"panel-grid-cell panel-grid-cell-empty\" ><\/div><\/div><\/div>\n\n\n<div class=\"wp-block-buttons is-content-justification-center is-layout-flex wp-container-core-buttons-is-layout-16018d1d wp-block-buttons-is-layout-flex\">\n<div class=\"wp-block-button\"><a class=\"wp-block-button__link has-vivid-cyan-blue-background-color has-background\" href=\"https:\/\/dga2.upch.edu.pe\/app\/precayetano\">Inscribirse<\/a><\/div>\n<\/div>\n\n\n\n<div style=\"height:81px\" aria-hidden=\"true\" class=\"wp-block-spacer\"><\/div>\n\n\n\n<div class=\"wp-block-accordion-toggle-accordion-toggle\"><div class=\"eb-parent-wrapper eb-parent-eb-accordion-gg8rw95 \"><div class=\"eb-accordion-container eb-accordion-gg8rw95\" data-accordion-type=\"accordion\" data-tab-icon=\"\" data-expanded-icon=\"\"><div class=\"eb-accordion-inner\">\n<div class=\"eb-accordion-item-g1zvwjf eb-accordion-wrapper\" data-clickable=\"false\"><div class=\"eb-accordion-title-wrapper\"><h3 class=\"eb-accordion-title\">\u00bfEste curso me da ingreso directo a la Cayetano?<\/h3><\/div><div class=\"eb-accordion-content-wrapper\"><div class=\"eb-accordion-content\">\n<p>No. El curso PREP\u00c1RATE est\u00e1 dirigido a alumnos que cursan el 5\u00ba de secundaria y est\u00e1n iniciando su preparaci\u00f3n para una futura postulaci\u00f3n o como antesala a llevar el curso Semestral.<\/p>\n<\/div><\/div><\/div>\n\n\n\n<div class=\"eb-accordion-item-po84lwj eb-accordion-wrapper\" data-clickable=\"false\"><div class=\"eb-accordion-title-wrapper\"><h3 class=\"eb-accordion-title\">\u00bf Si estoy en 4\u00ba de secundaria; puedo llevar este curso?<\/h3><\/div><div class=\"eb-accordion-content-wrapper\"><div class=\"eb-accordion-content\">\n<p>El curso est\u00e1 dise\u00f1ado para completar la formaci\u00f3n de los alumnos que est\u00e1n en 5\u00ba de secundaria; te recomendamos consultar e inscribirte en nuestra versi\u00f3n para cuarto de secundaria.<\/p>\n<\/div><\/div><\/div>\n\n\n\n<div class=\"eb-accordion-item-firjgjl eb-accordion-wrapper\" data-clickable=\"false\"><div class=\"eb-accordion-title-wrapper\"><h3 class=\"eb-accordion-title\">\u00bfEntregar\u00e1n libros? ; \u00bfDebemos comprarlos?<\/h3><\/div><div class=\"eb-accordion-content-wrapper\"><div class=\"eb-accordion-content\">\n<p>No. Todo el material que necesiten estar\u00e1 publicado en el aula virtual.<br>Los profesores subir\u00e1n lecturas o videos que completan la informaci\u00f3n recibida. Adem\u00e1s puedes entrar a la biblioteca virtual que est\u00e1 disponible las 24 horas del d\u00eda.<\/p>\n<\/div><\/div><\/div>\n<\/div><\/div><\/div><\/div>\n\n\n\n<p> <\/p>\n\n\n\n<div class=\"wp-block-upch-container has-glass-light-background-color has-background\"><div class=\"wp-block-upch-container__inner\">\n<h2 class=\"wp-block-heading\" style=\"margin-bottom:0rem\"><strong>Pre Cayetano<\/strong><\/h2>\n\n\n<ul class=\"wp-block-social-links is-style-logos-only\">\n\n\n\n\n\n\n<\/ul>\n\n\n<p><mark style=\"background-color:rgba(0, 0, 0, 0)\" class=\"has-inline-color has-primary-color\"><i class=\" icon-ubicacion\" aria-hidden=\"true\"> <\/i><\/mark>Av. Armend\u00e1riz  495, Miraflores, Lima &#8211; Per\u00fa<\/p>\n\n\n<p> <i class=\"bicon-mail has-primary-color\" aria-hidden=\"true\"><\/i> informes@precayetano.edu.pe<\/p>\n\n\n<p><mark style=\"background-color:rgba(0, 0, 0, 0)\" class=\"has-inline-color has-primary-color\"><i class=\" icon-telefono\" aria-hidden=\"true\"> <\/i><\/mark>+51 961 299 441<\/p>\n<\/div><\/div>\n\n\n\n<p><\/p>\n","protected":false},"excerpt":{"rendered":"<p>Para ti que este 2024 inicias 5to de secundaria, este curso te servir\u00e1 para ir prepar\u00e1ndote para tu futura postulaci\u00f3n a la universidad y a la vez repotenciar\u00e1 tus conocimientos&hellip; <br \/> <a class=\"button small blue\" href=\"https:\/\/precayetano.pe\/cursos\/preparate\/\">Read more<\/a><\/p>\n","protected":false},"author":1,"featured_media":2444,"parent":0,"menu_order":0,"comment_status":"closed","ping_status":"closed","template":"","meta":{"_eb_attr":"","footnotes":""},"class_list":["post-537","page","type-page","status-publish","has-post-thumbnail","hentry"],"_links":{"self":[{"href":"https:\/\/precayetano.pe\/cursos\/wp-json\/wp\/v2\/pages\/537","targetHints":{"allow":["GET"]}}],"collection":[{"href":"https:\/\/precayetano.pe\/cursos\/wp-json\/wp\/v2\/pages"}],"about":[{"href":"https:\/\/precayetano.pe\/cursos\/wp-json\/wp\/v2\/types\/page"}],"author":[{"embeddable":true,"href":"https:\/\/precayetano.pe\/cursos\/wp-json\/wp\/v2\/users\/1"}],"replies":[{"embeddable":true,"href":"https:\/\/precayetano.pe\/cursos\/wp-json\/wp\/v2\/comments?post=537"}],"version-history":[{"count":77,"href":"https:\/\/precayetano.pe\/cursos\/wp-json\/wp\/v2\/pages\/537\/revisions"}],"predecessor-version":[{"id":3512,"href":"https:\/\/precayetano.pe\/cursos\/wp-json\/wp\/v2\/pages\/537\/revisions\/3512"}],"wp:featuredmedia":[{"embeddable":true,"href":"https:\/\/precayetano.pe\/cursos\/wp-json\/wp\/v2\/media\/2444"}],"wp:attachment":[{"href":"https:\/\/precayetano.pe\/cursos\/wp-json\/wp\/v2\/media?parent=537"}],"curies":[{"name":"wp","href":"https:\/\/api.w.org\/{rel}","templated":true}]}}