{"id":589,"date":"2022-06-28T18:51:58","date_gmt":"2022-06-28T18:51:58","guid":{"rendered":"https:\/\/precayetano.pe\/cursos\/?page_id=589"},"modified":"2022-09-07T15:35:32","modified_gmt":"2022-09-07T15:35:32","slug":"curso-avances","status":"publish","type":"page","link":"https:\/\/precayetano.pe\/cursos\/curso-avances\/","title":{"rendered":"Curso: Avance en Ciencias"},"content":{"rendered":"\n<p><\/p>\n\n\n<div id=\"pl-gb589-69f6272276c75\"  class=\"panel-layout\" ><div id=\"pg-gb589-69f6272276c75-0\"  class=\"panel-grid panel-no-style\" ><div id=\"pgc-gb589-69f6272276c75-0-0\"  class=\"panel-grid-cell panel-grid-cell-mobile-last\" ><div id=\"panel-gb589-69f6272276c75-0-0-0\" class=\"so-panel widget widget_text panel-first-child panel-last-child\" data-index=\"0\" ><div class=\"panel-widget-style panel-widget-style-for-gb589-69f6272276c75-0-0-0\" ><h3 class=\"widget-title\">AVANCE EN CIENCIAS<\/h3>\t\t\t<div class=\"textwidget\"><p><strong>3\u00ba y 4\u00ba de Secundaria<\/strong><\/p>\n<\/div>\n\t\t<\/div><\/div><\/div><div id=\"pgc-gb589-69f6272276c75-0-1\"  class=\"panel-grid-cell panel-grid-cell-empty\" ><\/div><\/div><div id=\"pg-gb589-69f6272276c75-1\"  class=\"panel-grid panel-no-style\" ><div id=\"pgc-gb589-69f6272276c75-1-0\"  class=\"panel-grid-cell\" ><div id=\"panel-gb589-69f6272276c75-1-0-0\" class=\"so-panel widget widget_text panel-first-child\" data-index=\"1\" >\t\t\t<div class=\"textwidget\"><\/p><\/p>\n<\/div>\n\t\t<\/div><div id=\"panel-gb589-69f6272276c75-1-0-1\" class=\"so-panel widget widget_media_image panel-last-child\" data-index=\"2\" ><img loading=\"lazy\" decoding=\"async\" width=\"400\" height=\"400\" src=\"https:\/\/precayetano.pe\/cursos\/wp-content\/uploads\/2022\/08\/avance-fase2-2-768x768.png\" class=\"image wp-image-678  attachment-400x400 size-400x400\" alt=\"\" style=\"max-width: 100%; height: auto;\" srcset=\"https:\/\/precayetano.pe\/cursos\/wp-content\/uploads\/2022\/08\/avance-fase2-2-768x768.png 768w, https:\/\/precayetano.pe\/cursos\/wp-content\/uploads\/2022\/08\/avance-fase2-2-300x300.png 300w, https:\/\/precayetano.pe\/cursos\/wp-content\/uploads\/2022\/08\/avance-fase2-2-150x150.png 150w, https:\/\/precayetano.pe\/cursos\/wp-content\/uploads\/2022\/08\/avance-fase2-2.png 1000w\" sizes=\"auto, (max-width: 400px) 100vw, 400px\" \/><\/div><\/div><div id=\"pgc-gb589-69f6272276c75-1-1\"  class=\"panel-grid-cell\" ><div id=\"panel-gb589-69f6272276c75-1-1-0\" class=\"so-panel widget widget_text panel-first-child\" data-index=\"3\" ><h3 class=\"widget-title\">Para 3ro y 4to de secundaria<\/h3>\t\t\t<div class=\"textwidget\"><p style=\"text-align: justify;\"><span style=\"font-size: 12pt; font-family: Montserrat;\">Desarrollaremos contenidos te\u00f3ricos y pr\u00e1cticos con material bibliogr\u00e1fico para el desarrollo de conceptos y su contextualizaci\u00f3n a trav\u00e9s de la resoluci\u00f3n de problemas y ejercicios que reforzar\u00e1n tus conocimientos de acuerdo a la gu\u00eda del postulante a la Cayetano Heredia en:<\/span><\/p>\n<p><span style=\"font-size: 12pt; font-family: Montserrat;\">Biolog\u00eda &#8211; Matem\u00e1ticas &#8211; F\u00edsica &#8211; Qu\u00edmica &#8211; Aptitud Matem\u00e1tica &#8211;\u00a0 Aptitud Verbal <\/span><\/p>\n<div id=\"panel-gb589-62f3cf5028dab-1-1-2\" class=\"so-panel widget widget_text panel-last-child\" data-index=\"5\">\n<div class=\"textwidget\">\n<ul>\n<li><strong>Acceso al aula virtual<\/strong><br \/>\nAqu\u00ed encontrar\u00e1 material de lectura, clases grabadas, evaluaciones, etc.<\/li>\n<li><strong>Evaluaciones Diarias<br \/>\n<\/strong>Desde la segunda semana, los estudiantes desarrollan evaluaciones de cada tema desarrollado.<\/li>\n<li><strong>Biblioteca Virtual<br \/>\n<\/strong>Disponible las 24 horas del d\u00eda, los estudiantes podran acceder a t\u00edtulos reciemnbdados por los profesores.<\/li>\n<li><strong>Tutor\u00eda y Consejer\u00eda<br \/>\n<\/strong>Un profesional te orientar\u00e1\u00a0 durante el transcurso del curso.<\/li>\n<\/ul>\n<\/div>\n<\/div>\n<\/div>\n\t\t<\/div><div id=\"panel-gb589-69f6272276c75-1-1-1\" class=\"so-panel widget widget_text panel-last-child\" data-index=\"4\" ><div class=\"panel-widget-style panel-widget-style-for-gb589-69f6272276c75-1-1-1\" >\t\t\t<div class=\"textwidget\"><p><span style=\"font-size: 12pt; font-family: arial, helvetica, sans-serif; color: #993300;\"><strong>INICIO: 5 DE SETIEMBRE<br \/>\nDURACI\u00d3N<\/strong> :\u00a0 14 Semanas<br \/>\nFinaliza: 11 de diciembre<br \/>\n<strong>MODALIDAD VIRTUAL<\/strong><br \/>\n<\/span><\/p>\n<p><span style=\"font-size: 12pt; font-family: arial, helvetica, sans-serif; color: #000000;\"><strong>HORARIO<\/strong><\/span><\/p>\n<p>Lunes , mi\u00e9rcoles y viernes de\u00a0 6:25 PM a 8:10 PM y\u00a0 s\u00e1bados de 2:00 PM a 5:40 PM<\/p>\n<p>*Evaluaciones Diarias abiertas desde las 8:00 am a 10:30 pm<\/p>\n<p>( Los alumnos pueden dar las evaluaciones en cualquier momento dentro del horario establecido)<\/p>\n<p>_____<\/p>\n<table border=\"0\" width=\"60%\" cellspacing=\"0\" cellpadding=\"0\">\n<tbody>\n<tr>\n<td colspan=\"2\" bgcolor=\"#ECEAE2\"><strong>Costo del curso Avance en Ciencias<br \/>\n<\/strong><\/td>\n<\/tr>\n<tr>\n<td colspan=\"2\"><strong>Pago al contado S\/ 1,930.=<\/strong><\/p>\n<p>&nbsp;<\/td>\n<\/tr>\n<tr>\n<td bgcolor=\"#ECEAE2\"><\/td>\n<td bgcolor=\"#ECEAE2\"><\/td>\n<\/tr>\n<tr>\n<td><\/td>\n<td><\/td>\n<\/tr>\n<\/tbody>\n<\/table>\n<p>____<\/p>\n<\/div>\n\t\t<\/div><\/div><\/div><\/div><\/div>\n\n\n<div class=\"wp-block-buttons is-content-justification-center is-layout-flex wp-container-core-buttons-is-layout-16018d1d wp-block-buttons-is-layout-flex\">\n<div class=\"wp-block-button\"><a class=\"wp-block-button__link has-luminous-vivid-amber-background-color has-background\">INSCRIPCIONES CERRADAS<\/a><\/div>\n<\/div>\n\n\n\n<div style=\"height:100px\" aria-hidden=\"true\" class=\"wp-block-spacer\"><\/div>\n\n\n\n<div class=\"wp-block-accordion-toggle-accordion-toggle\"><div class=\"eb-parent-wrapper eb-parent-eb-accordion-zsoro81 \"><div class=\"eb-accordion-container eb-accordion-zsoro81\" data-accordion-type=\"accordion\" data-tab-icon=\"fas fa-angle-right\" data-expanded-icon=\"fas fa-angle-down\"><div class=\"eb-accordion-inner\"><div class=\"eb-accordion-wrapper\" data-clickable=\"false\"><div class=\"eb-accordion-title-wrapper\"><span class=\"eb-accordion-icon-wrapper\"><span class=\"fas fa-angle-right eb-accordion-icon\"><\/span><\/span><h3 class=\"eb-accordion-title\">\u00bfLas clases son virtuales o presenciales?<\/h3><\/div><div class=\"eb-accordion-content-wrapper\"><p class=\"eb-accordion-content\">Las clases son dictadas de forma VIRTUAL y en tiempo real o sincr\u00f3nica. Significa que debes entrar a clase los d\u00edas y horas que se publican en el horario.<\/p><\/div><\/div><div class=\"eb-accordion-wrapper\" data-clickable=\"false\"><div class=\"eb-accordion-title-wrapper\"><span class=\"eb-accordion-icon-wrapper\"><span class=\"fas fa-angle-right eb-accordion-icon\"><\/span><\/span><h3 class=\"eb-accordion-title\">\u00bfLa Pre Cayetano tiene sucursales?<\/h3><\/div><div class=\"eb-accordion-content-wrapper\"><p class=\"eb-accordion-content\">No. El Centro de Estudios Preuniversitarios de la Universidad Peruana Cayetano Heredia, tiene su sede en el Campus Sur (Miraflores) Av. Armend\u00e1riz 497; y no cuenta con sedes en ning\u00fan otro distrito o regi\u00f3n del Per\u00fa.<\/p><\/div><\/div><div class=\"eb-accordion-wrapper\" data-clickable=\"false\"><div class=\"eb-accordion-title-wrapper\"><span class=\"eb-accordion-icon-wrapper\"><span class=\"fas fa-angle-right eb-accordion-icon\"><\/span><\/span><h3 class=\"eb-accordion-title\">\u00bfQu\u00e9 beneficios tiene estar en la PRE Cayetano?<\/h3><\/div><div class=\"eb-accordion-content-wrapper\"><p class=\"eb-accordion-content\">La pre cayetano, fundada en 1984; cuenta con profesionales de amplia experiencia que entregan a nuestros alumnos contenidos de calidad y con la exigencia caracter\u00edstica de nuestra universidad. Los cursos y sus contenidos son previamente evaluados y aprobados, garantizando de esta forma una id\u00f3nea preparaci\u00f3n al futuro postulante.<\/p><\/div><\/div><\/div><\/div><\/div><\/div>\n\n\n\n<div style=\"height:100px\" aria-hidden=\"true\" class=\"wp-block-spacer\"><\/div>\n\n\n\n<p>Para mayor informaci\u00f3n puedes escribirnos por whatsapp:<\/p>\n\n\n\n<figure class=\"wp-block-image is-resized\"><a href=\"https:\/\/api.whatsapp.com\/send?phone=51953479078&amp;text=Hola!%20solicito%20informes%20curso%20AVANCE_EN_CIENCIAS!\"><img loading=\"lazy\" decoding=\"async\" src=\"https:\/\/precayetano.pe\/images\/2022\/wa-pre.png\" alt=\"wa-pre\" width=\"298\" height=\"80\"\/><\/a><\/figure>\n\n\n\n<p><img decoding=\"async\" src=\"https:\/\/precayetano.pe\/images\/2021\/social\/fono2.png\" alt=\"fono1\">&nbsp;(+51)&nbsp;<strong>989 945 779 <\/strong>\/ <strong>953 479 078<\/strong><\/p>\n\n\n\n<p><img decoding=\"async\" src=\"https:\/\/precayetano.pe\/images\/2021\/social\/mail1.png\" alt=\"mail1\"> <a href=\"mailto:informes@precayetano.edu.pe\">informes@precayetano.edu.pe<\/a><\/p>\n\n\n\n<p><img decoding=\"async\" src=\"https:\/\/precayetano.pe\/images\/2021\/social\/wha1.png\" alt=\"wha1\">&nbsp;<strong>989 945 779<\/strong><\/p>\n","protected":false},"excerpt":{"rendered":"<p>Para mayor informaci\u00f3n puedes escribirnos por whatsapp: &nbsp;(+51)&nbsp;989 945 779 \/ 953 479 078 informes@precayetano.edu.pe &nbsp;989 945 779<\/p>\n","protected":false},"author":1,"featured_media":666,"parent":0,"menu_order":0,"comment_status":"closed","ping_status":"closed","template":"","meta":{"_eb_attr":"","footnotes":""},"class_list":["post-589","page","type-page","status-publish","has-post-thumbnail","hentry"],"_links":{"self":[{"href":"https:\/\/precayetano.pe\/cursos\/wp-json\/wp\/v2\/pages\/589","targetHints":{"allow":["GET"]}}],"collection":[{"href":"https:\/\/precayetano.pe\/cursos\/wp-json\/wp\/v2\/pages"}],"about":[{"href":"https:\/\/precayetano.pe\/cursos\/wp-json\/wp\/v2\/types\/page"}],"author":[{"embeddable":true,"href":"https:\/\/precayetano.pe\/cursos\/wp-json\/wp\/v2\/users\/1"}],"replies":[{"embeddable":true,"href":"https:\/\/precayetano.pe\/cursos\/wp-json\/wp\/v2\/comments?post=589"}],"version-history":[{"count":29,"href":"https:\/\/precayetano.pe\/cursos\/wp-json\/wp\/v2\/pages\/589\/revisions"}],"predecessor-version":[{"id":731,"href":"https:\/\/precayetano.pe\/cursos\/wp-json\/wp\/v2\/pages\/589\/revisions\/731"}],"wp:featuredmedia":[{"embeddable":true,"href":"https:\/\/precayetano.pe\/cursos\/wp-json\/wp\/v2\/media\/666"}],"wp:attachment":[{"href":"https:\/\/precayetano.pe\/cursos\/wp-json\/wp\/v2\/media?parent=589"}],"curies":[{"name":"wp","href":"https:\/\/api.w.org\/{rel}","templated":true}]}}