{"id":61,"date":"2022-04-12T15:32:08","date_gmt":"2022-04-12T15:32:08","guid":{"rendered":"https:\/\/precayetano.pe\/factor\/?page_id=61"},"modified":"2023-06-27T15:52:26","modified_gmt":"2023-06-27T15:52:26","slug":"inversion","status":"publish","type":"page","link":"https:\/\/precayetano.pe\/factor\/inversion\/","title":{"rendered":"Horario e inversi\u00f3n"},"content":{"rendered":"\n<p class=\"has-vivid-red-color has-text-color has-medium-font-size\" style=\"font-style:normal;font-weight:600\"><u><strong>Horario&nbsp;de clases:<\/strong><\/u><\/p>\n\n\n\n<p class=\"has-white-color has-vivid-red-background-color has-text-color has-background has-medium-font-size\" style=\"font-style:normal;font-weight:700\"><strong>INICIO 26 DE JUNIO<\/strong><\/p>\n\n\n\n<p class=\"has-medium-font-size\"><strong>Lunes a Viernes<\/strong> de 4:30 P.M. a 8:10 P.M<\/p>\n\n\n\n<p class=\"has-medium-font-size\">Nota: Dos d\u00edas a la semana las clases ser\u00e1n hasta las 9:10 P.M.<\/p>\n\n\n\n<p class=\"has-medium-font-size\"><strong>Evaluaciones virtuales diarias<\/strong>:&nbsp;<br>Lunes a viernes entre las 8:00 A.M. a 10:30 P.M.<\/p>\n\n\n\n<p class=\"has-medium-font-size\"><strong>Simulacros de Aptitud y conocimientos<\/strong>: <br>S\u00e1bados de 4:30 P.M. a 7:20 P.M.<\/p>\n\n\n\n<hr class=\"wp-block-separator is-style-wide\"\/>\n\n\n\n<div style=\"height:55px\" aria-hidden=\"true\" class=\"wp-block-spacer\"><\/div>\n\n\n\n<p class=\"has-vivid-red-color has-text-color has-medium-font-size\" style=\"font-style:normal;font-weight:600\"><strong>Inversi\u00f3n:<\/strong><\/p>\n\n\n\n<figure class=\"wp-block-table is-style-regular has-medium-font-size\" style=\"font-style:normal;font-weight:600\"><table class=\"has-fixed-layout\"><tbody><tr><td><strong>CURSO FACTOR EXCELENCIA &#8211; MEDICINA&nbsp;&nbsp;&nbsp;<\/strong><\/td><\/tr><tr><td>Modalidad<\/td><td>Pago al contado<\/td><td><\/td><td><\/td><\/tr><tr><td>Virtual<\/td><td>S\/ 4,400.00<\/td><td><\/td><td><\/td><\/tr><tr><td><\/td><td><\/td><td><\/td><td><\/td><\/tr><\/tbody><\/table><\/figure>\n\n\n\n<p class=\"has-vivid-red-color has-text-color has-medium-font-size\"><strong>MODALIDAD PRESENCIAL AGOTADA<\/strong><\/p>\n\n\n\n<p class=\"has-black-color has-text-color has-small-font-size\">Aclaraci\u00f3n: <br>El costo del curso NO incluye la inscripci\u00f3n al examen Factor Excelencia que se realizar\u00e1 el 24 de octubre 2023.<br>Para inscribirse el postulante deber\u00e1 ingresar a: http:\/\/postula.upch.edu.pe\/  y crear una cuenta seg\u00fan las indicaciones de la Oficina de Admisi\u00f3n.<\/p>\n\n\n\n<figure class=\"wp-block-image size-large is-resized\"><img loading=\"lazy\" decoding=\"async\" src=\"https:\/\/precayetano.pe\/factor\/wp-content\/uploads\/2023\/05\/ruta-fe3-1024x343.jpg\" alt=\"\" class=\"wp-image-680\" width=\"665\" height=\"222\" srcset=\"https:\/\/precayetano.pe\/factor\/wp-content\/uploads\/2023\/05\/ruta-fe3-1024x343.jpg 1024w, https:\/\/precayetano.pe\/factor\/wp-content\/uploads\/2023\/05\/ruta-fe3-300x100.jpg 300w, https:\/\/precayetano.pe\/factor\/wp-content\/uploads\/2023\/05\/ruta-fe3-768x257.jpg 768w, https:\/\/precayetano.pe\/factor\/wp-content\/uploads\/2023\/05\/ruta-fe3-1536x515.jpg 1536w, https:\/\/precayetano.pe\/factor\/wp-content\/uploads\/2023\/05\/ruta-fe3-2048x686.jpg 2048w, https:\/\/precayetano.pe\/factor\/wp-content\/uploads\/2023\/05\/ruta-fe3-1920x643.jpg 1920w\" sizes=\"auto, (max-width: 665px) 100vw, 665px\" \/><\/figure>\n\n\n\n<p>Medios de pago:&nbsp;<\/p>\n\n\n\n<figure class=\"wp-block-image\"><a href=\"https:\/\/dga2.upch.edu.pe\/app\/precayetano\"><img decoding=\"async\" src=\"https:\/\/precayetano.pe\/images\/2020\/PRE-2020\/Captura%20de%20Pantalla%202020-09-15%20a%20las%2020.36.51.png\" alt=\"\"\/><\/a><\/figure>\n\n\n\n<p>Ventanilla de bancos\/ agentes:<\/p>\n\n\n\n<figure class=\"wp-block-image\"><a href=\"https:\/\/dga2.upch.edu.pe\/app\/precayetano\"><img decoding=\"async\" src=\"https:\/\/precayetano.pe\/images\/2020\/PRE-2020\/Captura%20de%20Pantalla%202020-09-15%20a%20las%2020.42.18.png\" alt=\"\"\/><\/a><\/figure>\n\n\n\n<p><strong><a href=\"mailto:informes@precayetano.edu.pe\">informes@precayetano.edu.pe<\/a><\/strong><\/p>\n\n\n\n<div class=\"wp-block-buttons is-layout-flex wp-block-buttons-is-layout-flex\">\n<div class=\"wp-block-button is-style-fill\"><a class=\"wp-block-button__link has-vivid-red-background-color has-background\" href=\"https:\/\/dga2.upch.edu.pe\/app\/precayetano\" target=\"_blank\" rel=\"noreferrer noopener\">Pagar Factor Excelencia<\/a><\/div>\n<\/div>\n\n\n\n<p><\/p>\n","protected":false},"excerpt":{"rendered":"<p>Horario&nbsp;de clases: INICIO 26 DE JUNIO Lunes a Viernes de 4:30 P.M. a 8:10 P.M Nota: Dos d\u00edas a la semana las clases ser\u00e1n hasta las 9:10 P.M. Evaluaciones virtuales diarias:&nbsp;Lunes a viernes entre las 8:00 A.M. a 10:30 P.M. Simulacros de Aptitud y conocimientos: S\u00e1bados de 4:30 P.M. a 7:20 P.M. Inversi\u00f3n: CURSO FACTOR&hellip; <br \/> <a class=\"button small blue\" href=\"https:\/\/precayetano.pe\/factor\/inversion\/\">Read more<\/a><\/p>\n","protected":false},"author":1,"featured_media":267,"parent":0,"menu_order":0,"comment_status":"closed","ping_status":"closed","template":"","meta":{"footnotes":""},"class_list":["post-61","page","type-page","status-publish","has-post-thumbnail","hentry"],"_links":{"self":[{"href":"https:\/\/precayetano.pe\/factor\/wp-json\/wp\/v2\/pages\/61","targetHints":{"allow":["GET"]}}],"collection":[{"href":"https:\/\/precayetano.pe\/factor\/wp-json\/wp\/v2\/pages"}],"about":[{"href":"https:\/\/precayetano.pe\/factor\/wp-json\/wp\/v2\/types\/page"}],"author":[{"embeddable":true,"href":"https:\/\/precayetano.pe\/factor\/wp-json\/wp\/v2\/users\/1"}],"replies":[{"embeddable":true,"href":"https:\/\/precayetano.pe\/factor\/wp-json\/wp\/v2\/comments?post=61"}],"version-history":[{"count":32,"href":"https:\/\/precayetano.pe\/factor\/wp-json\/wp\/v2\/pages\/61\/revisions"}],"predecessor-version":[{"id":722,"href":"https:\/\/precayetano.pe\/factor\/wp-json\/wp\/v2\/pages\/61\/revisions\/722"}],"wp:featuredmedia":[{"embeddable":true,"href":"https:\/\/precayetano.pe\/factor\/wp-json\/wp\/v2\/media\/267"}],"wp:attachment":[{"href":"https:\/\/precayetano.pe\/factor\/wp-json\/wp\/v2\/media?parent=61"}],"curies":[{"name":"wp","href":"https:\/\/api.w.org\/{rel}","templated":true}]}}